{"id":5033,"date":"2025-11-07T11:10:15","date_gmt":"2025-11-07T11:10:15","guid":{"rendered":"https:\/\/ekrai.com\/match_cos-oms_osc2530686\/"},"modified":"2025-11-11T16:43:03","modified_gmt":"2025-11-11T16:43:03","slug":"match_cos-oms_osc2530686","status":"publish","type":"page","link":"https:\/\/ekrai.com\/uz\/match_cos-oms_osc2530686\/","title":{"rendered":"MATCH_COS-OMS_OSC2530686"},"content":{"rendered":"\n<style>\n\n.testata_table,\n.riga_ordine_table {\n    margin: 10px auto 20px;\n    width: 900px;\n    border-collapse: collapse;\n    font-family: Arial, sans-serif;\n    font-size: 14px;\n\n}\n\n.testata_table th,\n.testata_table td,\n.riga_ordine_table th,\n.riga_ordine_table td {\n    border: 1px solid #aaa;\n    padding: 10px;\n    text-align: left;\n}\n\n.testata_table th,\n.riga_ordine_table th {\n    background-color: #f0f0f0;\n}\n\n.testata_table td:first-child,\n.riga_ordine_table td:first-child {\n    font-weight: bold;\n}\n\n.dot {\n    height: 12px;\n    width: 12px;\n    border-radius: 50%;\n    display: inline-block;\n    margin-right: 6px;\n}\n\n.head_row {\n    text-align: center;\n}\n\n<\/style>\n\n\n\n<div class=\"wp-block-columns is-layout-flex wp-container-core-columns-is-layout-28f84493 wp-block-columns-is-layout-flex\">\n<div class=\"wp-block-column is-layout-flow wp-block-column-is-layout-flow\" style=\"flex-basis:25%\"><\/div>\n\n\n\n<div class=\"wp-block-column is-layout-flow wp-block-column-is-layout-flow\">\n<div class=\"wp-block-columns is-layout-flex wp-container-core-columns-is-layout-28f84493 wp-block-columns-is-layout-flex\">\n<div class=\"wp-block-column is-layout-flow wp-block-column-is-layout-flow\">\n<h3 class=\"wp-block-heading has-text-align-right\"><strong>Numero d\u2019ordine:<\/strong><\/h3>\n<\/div>\n\n\n\n<div class=\"wp-block-column is-layout-flow wp-block-column-is-layout-flow\"><h3 class=\"wp-block-heading wp-block-ekr-headings\"> <b><\/b><\/h3><\/div>\n<\/div>\n<\/div>\n\n\n\n<div class=\"wp-block-column is-layout-flow wp-block-column-is-layout-flow\" style=\"flex-basis:25%\"><\/div>\n<\/div>\n\n\n\n\n<meta http-equiv=\"Content-Type\" content=\"text\/html; charset=UTF-8\">\n<style>\n        .dot { height: 10px; width: 10px; border-radius: 50%; display: inline-block; }\n        .verde { background-color: green; }\n        .giallo { background-color: gold; }\n        .rosso { background-color: red; }\n      <\/style>\n\n\n<h3 style=\"margin-bottom:30px;\" class=\"head_row\">Testata<\/h3>\n<table border=\"1\" cellpadding=\"5\" cellspacing=\"0\" class=\"testata_table\">\n<tr>\n<th><\/th>\n<th>Ordine Manni<\/th>\n<th>Conferma Fornitore<\/th>\n<th>Match<\/th>\n<\/tr>\n<tr>\n<td>Nome_Fornitore<\/td>\n<td>ARCELORMITTAL COMMERCIAL ITALY SRL<\/td>\n<td>ARCELORMITTAL COMMERCIAL ITALY SRL<\/td>\n<td><span class=\"dot verde\"><\/span><\/td>\n<\/tr>\n<tr>\n<td>Condizione_Pagamento<\/td>\n<td>BONIFICO 60 GG FM+ 15 GG<\/td>\n<td>apr\u00e8s entr\u00e9e facture jusqu\u2019au 24 du mois payable imm\u00e9diatement sans d\u00e9duction Date de base au 15 dans 3 mois apr\u00e8s entr\u00e9e facture jusqu\u2019au Fin du mois payable imm\u00e9diatement sans d\u00e9duction Date de base au 15 dans 4 mois<\/td>\n<td><span class=\"dot rosso\"><\/span><\/td>\n<\/tr>\n<tr>\n<td>Indirizzo_Consegna<\/td>\n<td>Manni Sipre S.p.A. Via Principe di Udine 118 33030 Campoformido<\/td>\n<td>Via Principe di Udine, 118 I-33031 CAMPOFORMIDO<\/td>\n<td><span class=\"dot verde\"><\/span><\/td>\n<\/tr>\n<tr>\n<td>Incoterms<\/td>\n<td>CIP<\/td>\n<td>CIP<\/td>\n<td><span class=\"dot verde\"><\/span><\/td>\n<\/tr>\n<tr>\n<td>Norma<\/td>\n<td>EN 10025-2 Acciai di impiego strutturale<\/td>\n<td>EN 10025-2<\/td>\n<td><span class=\"dot rosso\"><\/span><\/td>\n<\/tr>\n<tr>\n<td>Norma<\/td>\n<td>Condizioni di fornitura +AR o +M (se non diversamente specificato)<\/td>\n<td>EN 10204<\/td>\n<td><span class=\"dot rosso\"><\/span><\/td>\n<\/tr>\n<tr>\n<td>Norma<\/td>\n<td>Certificati secondo EN 10204, TIPO 3.1 +CEV+CE+DOP (se non diversamente specificato)<\/td>\n<td>EN 10034<\/td>\n<td><span class=\"dot rosso\"><\/span><\/td>\n<\/tr>\n<tr>\n<td>Norma<\/td>\n<td>Tolleranze di lunghezza: -0\/+100 mm<\/td>\n<td>EN 10163-3<\/td>\n<td><span class=\"dot rosso\"><\/span><\/td>\n<\/tr>\n<tr>\n<td>Norma<\/td>\n<td>Dimensioni e masse secondo EN 10365<\/td>\n<td>\u2013<\/td>\n<td><span class=\"dot rosso\"><\/span><\/td>\n<\/tr>\n<tr>\n<td>Norma<\/td>\n<td>Tolleranze dimensionali:   * EN 10034 IPE \u2013 HE   * EN 10024 IPN   * EN 10279 UPN<\/td>\n<td>\u2013<\/td>\n<td><span class=\"dot rosso\"><\/span><\/td>\n<\/tr>\n<tr>\n<td>Norma<\/td>\n<td>Finitura superficiale conforme a EN10163-3, classe C, sottoclasse 1.<\/td>\n<td>\u2013<\/td>\n<td><span class=\"dot rosso\"><\/span><\/td>\n<\/tr>\n<tr>\n<td>Norma<\/td>\n<td>Materiale atto alla zincatura a caldo sec. EN 14713-2 CATEGORIA B<\/td>\n<td>\u2013<\/td>\n<td><span class=\"dot rosso\"><\/span><\/td>\n<\/tr>\n<tr>\n<td>Norma<\/td>\n<td>Materiale con garanzia di esenzione da contaminazione radioattiva.<\/td>\n<td>\u2013<\/td>\n<td><span class=\"dot rosso\"><\/span><\/td>\n<\/tr>\n<tr>\n<td>Mezzo_spedizione<\/td>\n<td>Camion<\/td>\n<td>Camion<\/td>\n<td><span class=\"dot verde\"><\/span><\/td>\n<\/tr>\n<\/table>\n<h3 style=\"margin-top:60px; margin-bottom:30px\" class=\"head_row\">Riga Ordine 1<\/h3>\n<table border=\"1\" cellpadding=\"5\" cellspacing=\"0\" class=\"riga_ordine_table\">\n<tr>\n<th><\/th>\n<th>Ordine Manni<\/th>\n<th>Conferma Fornitore<\/th>\n<th>Match<\/th>\n<\/tr>\n<tr>\n<td>Data_consegna<\/td>\n<td>30\/11\/2025<\/td>\n<td>20\/12\/2025<\/td>\n<td><span class=\"dot rosso\"><\/span><\/td>\n<\/tr>\n<tr>\n<td>Data_laminazione<\/td>\n<td>20\/11\/2025<\/td>\n<td>13\/12\/2025<\/td>\n<td><span class=\"dot rosso\"><\/span><\/td>\n<\/tr>\n<tr>\n<td>Disponibilita_materiale<\/td>\n<td>WEEK 47<\/td>\n<td>\u2013<\/td>\n<td><span class=\"dot rosso\"><\/span><\/td>\n<\/tr>\n<tr>\n<td>Lordo<\/td>\n<td>720,00 \u20ac 1\/TO<\/td>\n<td>720,00 EUR 1 TO<\/td>\n<td><span class=\"dot verde\"><\/span><\/td>\n<\/tr>\n<tr>\n<td>Netto<\/td>\n<td>720,00 \u20ac 1\/TO<\/td>\n<td>\u2013<\/td>\n<td><span class=\"dot verde\"><\/span><\/td>\n<\/tr>\n<tr>\n<td>Quantita_peso<\/td>\n<td>0 PZ<\/td>\n<td>72,162 T<\/td>\n<td><span class=\"dot rosso\"><\/span><\/td>\n<\/tr>\n<tr>\n<td>Quantita_pezzi<\/td>\n<td>108 PZ<\/td>\n<td>108 PZ<\/td>\n<td><span class=\"dot verde\"><\/span><\/td>\n<\/tr>\n<tr>\n<td>Quantita_metri<\/td>\n<td>0<\/td>\n<td>1.177,2 M<\/td>\n<td><span class=\"dot rosso\"><\/span><\/td>\n<\/tr>\n<tr>\n<td>Profilo<\/td>\n<td>HEB<\/td>\n<td>HEB<\/td>\n<td><span class=\"dot verde\"><\/span><\/td>\n<\/tr>\n<tr>\n<td>Qualita<\/td>\n<td>S275<\/td>\n<td>S275<\/td>\n<td><span class=\"dot verde\"><\/span><\/td>\n<\/tr>\n<tr>\n<td>Certificazione<\/td>\n<td>3.1<\/td>\n<td>3.1<\/td>\n<td><span class=\"dot verde\"><\/span><\/td>\n<\/tr>\n<tr>\n<td>Resilienza<\/td>\n<td>J0<\/td>\n<td>J0<\/td>\n<td><span class=\"dot verde\"><\/span><\/td>\n<\/tr>\n<tr>\n<td>Designazione<\/td>\n<td>200<\/td>\n<td>200<\/td>\n<td><span class=\"dot verde\"><\/span><\/td>\n<\/tr>\n<tr>\n<td>Lunghezza<\/td>\n<td>10900 mm<\/td>\n<td>10900 mm<\/td>\n<td><span class=\"dot verde\"><\/span><\/td>\n<\/tr>\n<\/table>\n<h3 style=\"margin-top:60px; margin-bottom:30px\" class=\"head_row\">Riga Ordine 2<\/h3>\n<table border=\"1\" cellpadding=\"5\" cellspacing=\"0\" class=\"riga_ordine_table\">\n<tr>\n<th><\/th>\n<th>Ordine Manni<\/th>\n<th>Conferma Fornitore<\/th>\n<th>Match<\/th>\n<\/tr>\n<tr>\n<td>Data_consegna<\/td>\n<td>30\/11\/2025<\/td>\n<td>20\/12\/2025<\/td>\n<td><span class=\"dot rosso\"><\/span><\/td>\n<\/tr>\n<tr>\n<td>Data_laminazione<\/td>\n<td>20\/11\/2025<\/td>\n<td>13\/12\/2025<\/td>\n<td><span class=\"dot rosso\"><\/span><\/td>\n<\/tr>\n<tr>\n<td>Disponibilita_materiale<\/td>\n<td>WEEK 47<\/td>\n<td>\u2013<\/td>\n<td><span class=\"dot rosso\"><\/span><\/td>\n<\/tr>\n<tr>\n<td>Lordo<\/td>\n<td>720,00 \u20ac 1\/TO<\/td>\n<td>720,00 EUR 1 TO<\/td>\n<td><span class=\"dot verde\"><\/span><\/td>\n<\/tr>\n<tr>\n<td>Netto<\/td>\n<td>720,00 \u20ac 1\/TO<\/td>\n<td>\u2013<\/td>\n<td><span class=\"dot verde\"><\/span><\/td>\n<\/tr>\n<tr>\n<td>Quantita_peso<\/td>\n<td>0 PZ<\/td>\n<td>4,083 T<\/td>\n<td><span class=\"dot rosso\"><\/span><\/td>\n<\/tr>\n<tr>\n<td>Quantita_pezzi<\/td>\n<td>6 PZ<\/td>\n<td>6 PZ<\/td>\n<td><span class=\"dot verde\"><\/span><\/td>\n<\/tr>\n<tr>\n<td>Quantita_metri<\/td>\n<td>0<\/td>\n<td>66,6 M<\/td>\n<td><span class=\"dot rosso\"><\/span><\/td>\n<\/tr>\n<tr>\n<td>Profilo<\/td>\n<td>HEB<\/td>\n<td>HEB<\/td>\n<td><span class=\"dot verde\"><\/span><\/td>\n<\/tr>\n<tr>\n<td>Qualita<\/td>\n<td>S275<\/td>\n<td>S275<\/td>\n<td><span class=\"dot verde\"><\/span><\/td>\n<\/tr>\n<tr>\n<td>Certificazione<\/td>\n<td>3.1<\/td>\n<td>3.1<\/td>\n<td><span class=\"dot verde\"><\/span><\/td>\n<\/tr>\n<tr>\n<td>Resilienza<\/td>\n<td>J0<\/td>\n<td>J0<\/td>\n<td><span class=\"dot verde\"><\/span><\/td>\n<\/tr>\n<tr>\n<td>Designazione<\/td>\n<td>200<\/td>\n<td>200<\/td>\n<td><span class=\"dot verde\"><\/span><\/td>\n<\/tr>\n<tr>\n<td>Lunghezza<\/td>\n<td>11100 mm<\/td>\n<td>11100 mm<\/td>\n<td><span class=\"dot verde\"><\/span><\/td>\n<\/tr>\n<\/table>\n\n\n","protected":false},"excerpt":{"rendered":"<p>Numero d\u2019ordine: Testata Ordine Manni Conferma Fornitore Match Nome_Fornitore ARCELORMITTAL COMMERCIAL ITALY SRL ARCELORMITTAL COMMERCIAL ITALY SRL Condizione_Pagamento BONIFICO 60 GG FM+ 15 GG apr\u00e8s entr\u00e9e facture jusqu\u2019au 24 du mois payable imm\u00e9diatement sans d\u00e9duction Date de base au 15 dans 3 mois apr\u00e8s entr\u00e9e facture jusqu\u2019au Fin du mois payable imm\u00e9diatement sans d\u00e9duction Date [&hellip;]<\/p>\n","protected":false},"author":0,"featured_media":0,"parent":0,"menu_order":0,"comment_status":"closed","ping_status":"closed","template":"","meta":{"elastic_search":"","footnotes":""},"class_list":["post-5033","page","type-page","status-publish","hentry"],"_links":{"self":[{"href":"https:\/\/ekrai.com\/uz\/wp-json\/wp\/v2\/pages\/5033","targetHints":{"allow":["GET"]}}],"collection":[{"href":"https:\/\/ekrai.com\/uz\/wp-json\/wp\/v2\/pages"}],"about":[{"href":"https:\/\/ekrai.com\/uz\/wp-json\/wp\/v2\/types\/page"}],"replies":[{"embeddable":true,"href":"https:\/\/ekrai.com\/uz\/wp-json\/wp\/v2\/comments?post=5033"}],"version-history":[{"count":1,"href":"https:\/\/ekrai.com\/uz\/wp-json\/wp\/v2\/pages\/5033\/revisions"}],"predecessor-version":[{"id":5098,"href":"https:\/\/ekrai.com\/uz\/wp-json\/wp\/v2\/pages\/5033\/revisions\/5098"}],"wp:attachment":[{"href":"https:\/\/ekrai.com\/uz\/wp-json\/wp\/v2\/media?parent=5033"}],"curies":[{"name":"wp","href":"https:\/\/api.w.org\/{rel}","templated":true}]}}