{"id":3952,"date":"2025-10-11T22:10:48","date_gmt":"2025-10-11T22:10:48","guid":{"rendered":"https:\/\/ekrai.com\/match_osc25o0309\/"},"modified":"2025-11-14T03:13:31","modified_gmt":"2025-11-14T03:13:31","slug":"match_osc25o0309","status":"publish","type":"page","link":"https:\/\/ekrai.com\/ar\/match_osc25o0309\/","title":{"rendered":"MATCH_OSC25O0309"},"content":{"rendered":"\n<style>\n\n.testata_table,\n.riga_ordine_table {\n    margin: 10px auto 20px;\n    width: 900px;\n    border-collapse: collapse;\n    font-family: Arial, sans-serif;\n    font-size: 14px;\n\n}\n\n.testata_table th,\n.testata_table td,\n.riga_ordine_table th,\n.riga_ordine_table td {\n    border: 1px solid #aaa;\n    padding: 10px;\n    text-align: left;\n}\n\n.testata_table th,\n.riga_ordine_table th {\n    background-color: #f0f0f0;\n}\n\n.testata_table td:first-child,\n.riga_ordine_table td:first-child {\n    font-weight: bold;\n}\n\n.dot {\n    height: 12px;\n    width: 12px;\n    border-radius: 50%;\n    display: inline-block;\n    margin-right: 6px;\n}\n\n.head_row {\n    text-align: center;\n}\n\n<\/style>\n\n\n\n<div class=\"wp-block-columns is-layout-flex wp-container-core-columns-is-layout-28f84493 wp-block-columns-is-layout-flex\">\n<div class=\"wp-block-column is-layout-flow wp-block-column-is-layout-flow\" style=\"flex-basis:25%\"><\/div>\n\n\n\n<div class=\"wp-block-column is-layout-flow wp-block-column-is-layout-flow\">\n<div class=\"wp-block-columns is-layout-flex wp-container-core-columns-is-layout-28f84493 wp-block-columns-is-layout-flex\">\n<div class=\"wp-block-column is-layout-flow wp-block-column-is-layout-flow\">\n<h3 class=\"wp-block-heading has-text-align-right\"><strong>Numero d\u2019ordine:<\/strong><\/h3>\n<\/div>\n\n\n\n<div class=\"wp-block-column is-layout-flow wp-block-column-is-layout-flow\"><h3 class=\"wp-block-heading wp-block-ekr-headings\"> <b>OSC25O0309\n<\/b><\/h3><\/div>\n<\/div>\n<\/div>\n\n\n\n<div class=\"wp-block-column is-layout-flow wp-block-column-is-layout-flow\" style=\"flex-basis:25%\"><\/div>\n<\/div>\n\n\n\n\n<meta http-equiv=\"Content-Type\" content=\"text\/html; charset=UTF-8\">\n<style>\n        .dot { height: 10px; width: 10px; border-radius: 50%; display: inline-block; }\n        .verde { background-color: green; }\n        .giallo { background-color: gold; }\n        .rosso { background-color: red; }\n      <\/style>\n\n\n<h3 style=\"margin-bottom:30px;\" class=\"head_row\">Testata<\/h3>\n<table border=\"1\" cellpadding=\"5\" cellspacing=\"0\" class=\"testata_table\">\n<tr>\n<th><\/th>\n<th>Ordine Manni<\/th>\n<th>Conferma Fornitore<\/th>\n<th>Match<\/th>\n<\/tr>\n<tr>\n<td>Nome_Fornitore<\/td>\n<td>CELSA COMPANIA ESPANOLA DE LAMINACI<\/td>\n<td>COMPA\u00f1IA ESPA\u00f1OLA DE LAMINACI\u00f3N, S.L.<\/td>\n<td><span class=\"dot verde\"><\/span><\/td>\n<\/tr>\n<tr>\n<td>Condizione_Pagamento<\/td>\n<td>45 GG. D.F.<\/td>\n<td>45 days Transfer of exp.cli<\/td>\n<td><span class=\"dot verde\"><\/span><\/td>\n<\/tr>\n<tr>\n<td>Indirizzo_Consegna<\/td>\n<td>Manni Sipre S.p.A.&lt;br\/&gt;Str. Settima 5 10098 Rivoli TO<\/td>\n<td>Str. Settima 5 I-10098 RIVOLI TO<\/td>\n<td><span class=\"dot verde\"><\/span><\/td>\n<\/tr>\n<tr>\n<td>Incoterms<\/td>\n<td>DAP<\/td>\n<td>DAP<\/td>\n<td><span class=\"dot verde\"><\/span><\/td>\n<\/tr>\n<tr>\n<td>Mezzo_spedizione<\/td>\n<td>Camion<\/td>\n<td>Camion<\/td>\n<td><span class=\"dot verde\"><\/span><\/td>\n<\/tr>\n<\/table>\n<h3 style=\"margin-top:60px; margin-bottom:30px\" class=\"head_row\">Riga Ordine 1<\/h3>\n<table border=\"1\" cellpadding=\"5\" cellspacing=\"0\" class=\"riga_ordine_table\">\n<tr>\n<th><\/th>\n<th>Ordine Manni<\/th>\n<th>Conferma Fornitore<\/th>\n<th>Match<\/th>\n<\/tr>\n<tr>\n<td>Data_consegna<\/td>\n<td>15.05.2025<\/td>\n<td>\u2013<\/td>\n<td><span class=\"dot rosso\"><\/span><\/td>\n<\/tr>\n<tr>\n<td>Data_laminazione<\/td>\n<td>05.05.2025<\/td>\n<td>\u2013<\/td>\n<td><span class=\"dot rosso\"><\/span><\/td>\n<\/tr>\n<tr>\n<td>Lordo<\/td>\n<td>350,00 EUR 1 TO<\/td>\n<td>830,00 EUR 1\/TO<\/td>\n<td><span class=\"dot rosso\"><\/span><\/td>\n<\/tr>\n<tr>\n<td>Netto<\/td>\n<td>825,85 EUR 1 TO<\/td>\n<td>825,85 EUR 1\/TO<\/td>\n<td><span class=\"dot verde\"><\/span><\/td>\n<\/tr>\n<tr>\n<td>Quantita_peso<\/td>\n<td>25,198 TO<\/td>\n<td>26,1 T<\/td>\n<td><span class=\"dot verde\"><\/span><\/td>\n<\/tr>\n<tr>\n<td>Quantita_pezzi<\/td>\n<td>35 PZ<\/td>\n<td>\u2013<\/td>\n<td><span class=\"dot giallo\"><\/span><\/td>\n<\/tr>\n<tr>\n<td>Quantita_metri<\/td>\n<td>420,000 m<\/td>\n<td>\u2013<\/td>\n<td><span class=\"dot giallo\"><\/span><\/td>\n<\/tr>\n<tr>\n<td>Profilo<\/td>\n<td>Angolare<\/td>\n<td>Angolare<\/td>\n<td><span class=\"dot verde\"><\/span><\/td>\n<\/tr>\n<tr>\n<td>Qualita<\/td>\n<td>S355<\/td>\n<td>S355<\/td>\n<td><span class=\"dot verde\"><\/span><\/td>\n<\/tr>\n<tr>\n<td>Certificazione<\/td>\n<td>3.1<\/td>\n<td>\u2013<\/td>\n<td><span class=\"dot rosso\"><\/span><\/td>\n<\/tr>\n<tr>\n<td>Resilienza<\/td>\n<td>J2<\/td>\n<td>J2<\/td>\n<td><span class=\"dot verde\"><\/span><\/td>\n<\/tr>\n<tr>\n<td>Lunghezza<\/td>\n<td>12,0 M<\/td>\n<td>12,1 m<\/td>\n<td><span class=\"dot verde\"><\/span><\/td>\n<\/tr>\n<tr>\n<td>Dimensione_maggiore<\/td>\n<td>200,0 mm<\/td>\n<td>200,0 mm<\/td>\n<td><span class=\"dot verde\"><\/span><\/td>\n<\/tr>\n<tr>\n<td>Dimensione_minore<\/td>\n<td>200,0 mm<\/td>\n<td>200,0 mm<\/td>\n<td><span class=\"dot verde\"><\/span><\/td>\n<\/tr>\n<tr>\n<td>Spessore<\/td>\n<td>20,0 mm<\/td>\n<td>20,0 mm<\/td>\n<td><span class=\"dot verde\"><\/span><\/td>\n<\/tr>\n<tr>\n<td>Finitura<\/td>\n<td>Laminato<\/td>\n<td>\u2013<\/td>\n<td><span class=\"dot rosso\"><\/span><\/td>\n<\/tr>\n<\/table>\n\n\n","protected":false},"excerpt":{"rendered":"<p>Numero d\u2019ordine: OSC25O0309 Testata Ordine Manni Conferma Fornitore Match Nome_Fornitore CELSA COMPANIA ESPANOLA DE LAMINACI COMPA\u00f1IA ESPA\u00f1OLA DE LAMINACI\u00f3N, S.L. Condizione_Pagamento 45 GG. D.F. 45 days Transfer of exp.cli Indirizzo_Consegna Manni Sipre S.p.A.&lt;br\/&gt;Str. Settima 5 10098 Rivoli TO Str. Settima 5 I-10098 RIVOLI TO Incoterms DAP DAP Mezzo_spedizione Camion Camion Riga Ordine 1 Ordine Manni [&hellip;]<\/p>\n","protected":false},"author":1,"featured_media":0,"parent":0,"menu_order":0,"comment_status":"closed","ping_status":"closed","template":"","meta":{"elastic_search":"","footnotes":""},"class_list":["post-3952","page","type-page","status-publish","hentry"],"_links":{"self":[{"href":"https:\/\/ekrai.com\/ar\/wp-json\/wp\/v2\/pages\/3952","targetHints":{"allow":["GET"]}}],"collection":[{"href":"https:\/\/ekrai.com\/ar\/wp-json\/wp\/v2\/pages"}],"about":[{"href":"https:\/\/ekrai.com\/ar\/wp-json\/wp\/v2\/types\/page"}],"author":[{"embeddable":true,"href":"https:\/\/ekrai.com\/ar\/wp-json\/wp\/v2\/users\/1"}],"replies":[{"embeddable":true,"href":"https:\/\/ekrai.com\/ar\/wp-json\/wp\/v2\/comments?post=3952"}],"version-history":[{"count":1,"href":"https:\/\/ekrai.com\/ar\/wp-json\/wp\/v2\/pages\/3952\/revisions"}],"predecessor-version":[{"id":3970,"href":"https:\/\/ekrai.com\/ar\/wp-json\/wp\/v2\/pages\/3952\/revisions\/3970"}],"wp:attachment":[{"href":"https:\/\/ekrai.com\/ar\/wp-json\/wp\/v2\/media?parent=3952"}],"curies":[{"name":"wp","href":"https:\/\/api.w.org\/{rel}","templated":true}]}}